{"id":324,"date":"2017-04-10T02:35:53","date_gmt":"2017-04-10T02:35:53","guid":{"rendered":"https:\/\/vitorbarao.com.br\/foto\/?page_id=324"},"modified":"2021-03-05T20:11:52","modified_gmt":"2021-03-05T23:11:52","slug":"sobre","status":"publish","type":"page","link":"https:\/\/vitorbarao.com.br\/foto\/sobre\/","title":{"rendered":"sobre"},"content":{"rendered":"<p>&nbsp;<\/p>\n<p>Vitor Bar\u00e3o \u00e9 bi\u00f3logo&nbsp;e mestre em bot\u00e2nica pela USP. Na fotografia ingressou como autodidata ainda na inf\u00e2ncia, e tra\u00e7ou uma carreira que ora se aproxima da arte, ora da biologia. Muitas vezes ambas se cruzam na trajet\u00f3ria do autor, que tem se dedicado a inventar intersec\u00e7\u00f5es poss\u00edveis.<\/p>\n<p>Na bot\u00e2nica, pesquisa o funcionamento e a estrutura de plantas em situa\u00e7\u00f5es extremas, e tem pr\u00eamios internacionais no Brasil (\u201cOutstanding Presentation\u201d, IAWA) e na Italia (\u201cBest Oral Communication\u201d, WSE).<br \/>\nEm fotografia estuda linguagem e modos de forma\u00e7\u00e3o de imagens, \u00e9 s\u00f3cio fundador da Tipuana Imagens, uma startup de imagens a\u00e9reas tamb\u00e9m vencedora de um pr\u00eamio internacional (\u201cCapture the Best of Both Worlds\u201d, DJI\/Skypixel), e trabalha comercialmente com fotografia de cozinha, arquitetura, espet\u00e1culos e retratos. Participou de diversas coletivas organizadas por institui\u00e7\u00f5es como a EG2O (Paraty) e STB (S\u00e3o Paulo), publicou imagens nos principais jornais do pa\u00eds e em publica\u00e7\u00f5es de projetos em que participou, como o Edital Funarte de Ocupa\u00e7\u00e3o Renn\u00e9 Gumiel, ErvasSP 2014 (Pr\u00eamio Funarte Mulheres nas Artes), e Virada Cultural 2015.<\/p>\n","protected":false},"excerpt":{"rendered":"<p>&nbsp; Vitor Bar\u00e3o \u00e9 bi\u00f3logo&nbsp;e mestre em bot\u00e2nica pela USP. Na fotografia ingressou como autodidata ainda na inf\u00e2ncia, e tra\u00e7ou uma carreira que ora se aproxima da arte, ora da biologia. Muitas vezes ambas se cruzam na trajet\u00f3ria do autor, que tem se dedicado a inventar intersec\u00e7\u00f5es poss\u00edveis. Na bot\u00e2nica, &hellip;<\/p>\n<div class=\"wrap-excerpt-more\"><a class=\"excerpt-more\" href=\"https:\/\/vitorbarao.com.br\/foto\/sobre\/\">Continue reading<\/a><\/div>\n","protected":false},"author":1,"featured_media":577,"parent":0,"menu_order":0,"comment_status":"closed","ping_status":"closed","template":"template-full-page-slider.php","meta":{"om_disable_all_campaigns":false,"_monsterinsights_skip_tracking":false,"_monsterinsights_sitenote_active":false,"_monsterinsights_sitenote_note":"","_monsterinsights_sitenote_category":0},"aioseo_notices":[],"_links":{"self":[{"href":"https:\/\/vitorbarao.com.br\/foto\/wp-json\/wp\/v2\/pages\/324"}],"collection":[{"href":"https:\/\/vitorbarao.com.br\/foto\/wp-json\/wp\/v2\/pages"}],"about":[{"href":"https:\/\/vitorbarao.com.br\/foto\/wp-json\/wp\/v2\/types\/page"}],"author":[{"embeddable":true,"href":"https:\/\/vitorbarao.com.br\/foto\/wp-json\/wp\/v2\/users\/1"}],"replies":[{"embeddable":true,"href":"https:\/\/vitorbarao.com.br\/foto\/wp-json\/wp\/v2\/comments?post=324"}],"version-history":[{"count":8,"href":"https:\/\/vitorbarao.com.br\/foto\/wp-json\/wp\/v2\/pages\/324\/revisions"}],"predecessor-version":[{"id":1252,"href":"https:\/\/vitorbarao.com.br\/foto\/wp-json\/wp\/v2\/pages\/324\/revisions\/1252"}],"wp:featuredmedia":[{"embeddable":true,"href":"https:\/\/vitorbarao.com.br\/foto\/wp-json\/wp\/v2\/media\/577"}],"wp:attachment":[{"href":"https:\/\/vitorbarao.com.br\/foto\/wp-json\/wp\/v2\/media?parent=324"}],"curies":[{"name":"wp","href":"https:\/\/api.w.org\/{rel}","templated":true}]}}